{"id":6892,"date":"2022-03-18T18:01:15","date_gmt":"2022-03-18T17:01:15","guid":{"rendered":"https:\/\/faustmuseum.de\/?page_id=6892"},"modified":"2022-09-07T20:04:01","modified_gmt":"2022-09-07T18:04:01","slug":"events-archive","status":"publish","type":"page","link":"https:\/\/faustmuseum.de\/en\/events-archive\/","title":{"rendered":"Events \/ Archive"},"content":{"rendered":"<div class=\"schmaler-block\">\n<h3>Goethes Faust in Farbe getaucht.<\/h3>\n<p>Sonntag, 07. Dezember 2014,<\/p>\n<p>14.30 Uhr + 16 Uhr.<\/p>\n<p>Kostenlose F\u00fchrungen durch die Ausstellung von und mit Ulla Haug-R\u00f6\u00dfler und Dr. Denise Roth.<\/p>\n<p>Anschlie\u00dfend bieten die Knittlinger Landfrauen im Vortragssaal des Faust-Archivs kostenlosen \u201eFaust-Kaffee\u201c und <\/p><\/div>&hellip;","protected":false},"excerpt":{"rendered":"<div class=\"schmaler-block\">\n<h3>Goethes Faust in Farbe getaucht.<\/h3>\n<p>Sonntag, 07. Dezember 2014,<\/p>\n<p>14.30 Uhr + 16 Uhr.<\/p>\n<p>Kostenlose F\u00fchrungen durch die Ausstellung von und mit Ulla Haug-R\u00f6\u00dfler und Dr. Denise Roth.<\/p>\n<p>Anschlie\u00dfend bieten die Knittlinger Landfrauen im Vortragssaal des Faust-Archivs kostenlosen \u201eFaust-Kaffee\u201c und <\/p><\/div>&hellip;","protected":false},"author":3,"featured_media":0,"parent":0,"menu_order":10,"comment_status":"closed","ping_status":"closed","template":"","meta":{"_uag_custom_page_level_css":"","advgb_blocks_editor_width":"","advgb_blocks_columns_visual_guide":"","footnotes":""},"class_list":["post-6892","page","type-page","status-publish","hentry"],"yoast_head":"<!-- This site is optimized with the Yoast SEO plugin v27.3 - https:\/\/yoast.com\/product\/yoast-seo-wordpress\/ -->\n<title>Events \/ Archive - Faust Museum<\/title>\n<meta name=\"robots\" content=\"index, follow, max-snippet:-1, max-image-preview:large, max-video-preview:-1\" \/>\n<link rel=\"canonical\" href=\"https:\/\/faustmuseum.de\/en\/events-archive\/\" \/>\n<meta property=\"og:locale\" content=\"en_US\" \/>\n<meta property=\"og:type\" content=\"article\" \/>\n<meta property=\"og:title\" content=\"Events \/ Archive - Faust Museum\" \/>\n<meta property=\"og:description\" content=\"Goethes Faust in Farbe getaucht. Sonntag, 07. Dezember 2014, 14.30 Uhr + 16 Uhr. Kostenlose F\u00fchrungen durch die Ausstellung von und mit Ulla Haug-R\u00f6\u00dfler und Dr. Denise Roth. Anschlie\u00dfend bieten die Knittlinger Landfrauen im Vortragssaal des Faust-Archivs kostenlosen \u201eFaust-Kaffee\u201c und &hellip;\" \/>\n<meta property=\"og:url\" content=\"https:\/\/faustmuseum.de\/en\/events-archive\/\" \/>\n<meta property=\"og:site_name\" content=\"Faust Museum\" \/>\n<meta property=\"article:modified_time\" content=\"2022-09-07T18:04:01+00:00\" \/>\n<meta name=\"twitter:card\" content=\"summary_large_image\" \/>\n<meta name=\"twitter:label1\" content=\"Est. reading time\" \/>\n\t<meta name=\"twitter:data1\" content=\"1 minute\" \/>\n<script type=\"application\/ld+json\" class=\"yoast-schema-graph\">{\"@context\":\"https:\\\/\\\/schema.org\",\"@graph\":[{\"@type\":\"WebPage\",\"@id\":\"https:\\\/\\\/faustmuseum.de\\\/en\\\/events-archive\\\/\",\"url\":\"https:\\\/\\\/faustmuseum.de\\\/en\\\/events-archive\\\/\",\"name\":\"Events \\\/ Archive - Faust Museum\",\"isPartOf\":{\"@id\":\"https:\\\/\\\/faustmuseum.de\\\/en\\\/#website\"},\"datePublished\":\"2022-03-18T17:01:15+00:00\",\"dateModified\":\"2022-09-07T18:04:01+00:00\",\"breadcrumb\":{\"@id\":\"https:\\\/\\\/faustmuseum.de\\\/en\\\/events-archive\\\/#breadcrumb\"},\"inLanguage\":\"en-US\",\"potentialAction\":[{\"@type\":\"ReadAction\",\"target\":[\"https:\\\/\\\/faustmuseum.de\\\/en\\\/events-archive\\\/\"]}]},{\"@type\":\"BreadcrumbList\",\"@id\":\"https:\\\/\\\/faustmuseum.de\\\/en\\\/events-archive\\\/#breadcrumb\",\"itemListElement\":[{\"@type\":\"ListItem\",\"position\":1,\"name\":\"Startseite\",\"item\":\"https:\\\/\\\/faustmuseum.de\\\/en\\\/\"},{\"@type\":\"ListItem\",\"position\":2,\"name\":\"Events \\\/ Archive\"}]},{\"@type\":\"WebSite\",\"@id\":\"https:\\\/\\\/faustmuseum.de\\\/en\\\/#website\",\"url\":\"https:\\\/\\\/faustmuseum.de\\\/en\\\/\",\"name\":\"Faust Museum\",\"description\":\"The Faust Museum in Knittlingen\",\"potentialAction\":[{\"@type\":\"SearchAction\",\"target\":{\"@type\":\"EntryPoint\",\"urlTemplate\":\"https:\\\/\\\/faustmuseum.de\\\/en\\\/?s={search_term_string}\"},\"query-input\":{\"@type\":\"PropertyValueSpecification\",\"valueRequired\":true,\"valueName\":\"search_term_string\"}}],\"inLanguage\":\"en-US\"}]}<\/script>\n<!-- \/ Yoast SEO plugin. -->","yoast_head_json":{"title":"Events \/ Archive - Faust Museum","robots":{"index":"index","follow":"follow","max-snippet":"max-snippet:-1","max-image-preview":"max-image-preview:large","max-video-preview":"max-video-preview:-1"},"canonical":"https:\/\/faustmuseum.de\/en\/events-archive\/","og_locale":"en_US","og_type":"article","og_title":"Events \/ Archive - Faust Museum","og_description":"Goethes Faust in Farbe getaucht. Sonntag, 07. Dezember 2014, 14.30 Uhr + 16 Uhr. Kostenlose F\u00fchrungen durch die Ausstellung von und mit Ulla Haug-R\u00f6\u00dfler und Dr. Denise Roth. Anschlie\u00dfend bieten die Knittlinger Landfrauen im Vortragssaal des Faust-Archivs kostenlosen \u201eFaust-Kaffee\u201c und &hellip;","og_url":"https:\/\/faustmuseum.de\/en\/events-archive\/","og_site_name":"Faust Museum","article_modified_time":"2022-09-07T18:04:01+00:00","twitter_card":"summary_large_image","twitter_misc":{"Est. reading time":"1 minute"},"schema":{"@context":"https:\/\/schema.org","@graph":[{"@type":"WebPage","@id":"https:\/\/faustmuseum.de\/en\/events-archive\/","url":"https:\/\/faustmuseum.de\/en\/events-archive\/","name":"Events \/ Archive - Faust Museum","isPartOf":{"@id":"https:\/\/faustmuseum.de\/en\/#website"},"datePublished":"2022-03-18T17:01:15+00:00","dateModified":"2022-09-07T18:04:01+00:00","breadcrumb":{"@id":"https:\/\/faustmuseum.de\/en\/events-archive\/#breadcrumb"},"inLanguage":"en-US","potentialAction":[{"@type":"ReadAction","target":["https:\/\/faustmuseum.de\/en\/events-archive\/"]}]},{"@type":"BreadcrumbList","@id":"https:\/\/faustmuseum.de\/en\/events-archive\/#breadcrumb","itemListElement":[{"@type":"ListItem","position":1,"name":"Startseite","item":"https:\/\/faustmuseum.de\/en\/"},{"@type":"ListItem","position":2,"name":"Events \/ Archive"}]},{"@type":"WebSite","@id":"https:\/\/faustmuseum.de\/en\/#website","url":"https:\/\/faustmuseum.de\/en\/","name":"Faust Museum","description":"The Faust Museum in Knittlingen","potentialAction":[{"@type":"SearchAction","target":{"@type":"EntryPoint","urlTemplate":"https:\/\/faustmuseum.de\/en\/?s={search_term_string}"},"query-input":{"@type":"PropertyValueSpecification","valueRequired":true,"valueName":"search_term_string"}}],"inLanguage":"en-US"}]}},"uagb_featured_image_src":{"full":false,"thumbnail":false,"medium":false,"medium_large":false,"large":false,"1536x1536":false,"2048x2048":false,"post-thumbnail":false,"twentytwenty-fullscreen":false},"uagb_author_info":{"display_name":"Faust-Museum","author_link":"https:\/\/faustmuseum.de\/en\/author\/diefaustdamen\/"},"uagb_comment_info":0,"uagb_excerpt":"Goethes Faust in Farbe getaucht. Sonntag, 07. Dezember 2014, 14.30 Uhr + 16 Uhr. Kostenlose F\u00fchrungen durch die Ausstellung von und mit Ulla Haug-R\u00f6\u00dfler und Dr. Denise Roth. Anschlie\u00dfend bieten die Knittlinger Landfrauen im Vortragssaal des Faust-Archivs kostenlosen \u201eFaust-Kaffee\u201c und &hellip;","wps_subtitle":"","coauthors":[],"author_meta":{"author_link":"https:\/\/faustmuseum.de\/en\/author\/diefaustdamen\/","display_name":"Faust-Museum"},"relative_dates":{"created":"Posted 4 years ago","modified":"Updated 4 years ago"},"absolute_dates":{"created":"Posted on 2022 March 18.","modified":"Updated on 2022 September 7."},"absolute_dates_time":{"created":"Posted on 2022 March 18. 18:01","modified":"Updated on 2022 September 7. 20:04"},"featured_img_caption":"","featured_img":false,"series_order":"","publishpress_future_action":{"enabled":false,"date":"2026-04-15 14:16:08","action":"change-status","newStatus":"draft","terms":[],"taxonomy":"","extraData":[]},"publishpress_future_workflow_manual_trigger":{"enabledWorkflows":[]},"_links":{"self":[{"href":"https:\/\/faustmuseum.de\/en\/wp-json\/wp\/v2\/pages\/6892","targetHints":{"allow":["GET"]}}],"collection":[{"href":"https:\/\/faustmuseum.de\/en\/wp-json\/wp\/v2\/pages"}],"about":[{"href":"https:\/\/faustmuseum.de\/en\/wp-json\/wp\/v2\/types\/page"}],"author":[{"embeddable":true,"href":"https:\/\/faustmuseum.de\/en\/wp-json\/wp\/v2\/users\/3"}],"replies":[{"embeddable":true,"href":"https:\/\/faustmuseum.de\/en\/wp-json\/wp\/v2\/comments?post=6892"}],"version-history":[{"count":12,"href":"https:\/\/faustmuseum.de\/en\/wp-json\/wp\/v2\/pages\/6892\/revisions"}],"predecessor-version":[{"id":8463,"href":"https:\/\/faustmuseum.de\/en\/wp-json\/wp\/v2\/pages\/6892\/revisions\/8463"}],"wp:attachment":[{"href":"https:\/\/faustmuseum.de\/en\/wp-json\/wp\/v2\/media?parent=6892"}],"curies":[{"name":"wp","href":"https:\/\/api.w.org\/{rel}","templated":true}]}}