{"id":3753,"date":"2016-07-19T14:59:48","date_gmt":"2016-07-19T14:59:05","guid":{"rendered":"https:\/\/faustmuseum.de\/?page_id=3753"},"modified":"2023-01-09T15:20:00","modified_gmt":"2023-01-09T14:20:00","slug":"museums-pass","status":"publish","type":"page","link":"https:\/\/faustmuseum.de\/en\/faust-museum\/museums-pass\/","title":{"rendered":"Museums-Pass-Mus\u00e9es"},"content":{"rendered":"\n<h3 class=\"seitenueberschrift wp-block-heading\">Faust Museum<\/h3>\n\n\n<div class=\"menu-subnavi-faust-museum-container\"><ul id=\"menu-subnavi-faust-museum\" class=\"subnavi-on-page\"><li id=\"menu-item-7810\" class=\"menu-item menu-item-type-post_type menu-item-object-page menu-item-7810\"><a href=\"https:\/\/faustmuseum.de\/en\/faust-museum\/\">Faust Museum<\/a><\/li>\n<li id=\"menu-item-7811\" class=\"menu-item menu-item-type-post_type menu-item-object-page menu-item-7811\"><a href=\"https:\/\/faustmuseum.de\/en\/faust-museum\/opening-hours-and-tickets\/\">Opening Hours and Tickets<\/a><\/li>\n<li id=\"menu-item-7812\" class=\"menu-item menu-item-type-post_type menu-item-object-page menu-item-7812\"><a href=\"https:\/\/faustmuseum.de\/en\/faust-museum\/the-exhibition-floors-in-the-faust-museum\/\">The Exhibition Floors In The Faust Museum<\/a><\/li>\n<li id=\"menu-item-7813\" class=\"menu-item menu-item-type-post_type menu-item-object-page menu-item-7813\"><a href=\"https:\/\/faustmuseum.de\/en\/faust-museum\/museum-educational-offers\/\">Museum Educational Offers<\/a><\/li>\n<li id=\"menu-item-7814\" class=\"menu-item menu-item-type-post_type menu-item-object-page menu-item-7814\"><a href=\"https:\/\/faustmuseum.de\/en\/faust-museum\/faust-for-children\/\">Faust for Children<\/a><\/li>\n<li id=\"menu-item-7815\" class=\"menu-item menu-item-type-post_type menu-item-object-page menu-item-7815\"><a href=\"https:\/\/faustmuseum.de\/en\/faust-museum\/the-alchemists-laboratory-of-doctor-faust\/\">The Alchemist\u2019s Laboratory Of Doctor Faust<\/a><\/li>\n<li id=\"menu-item-7816\" class=\"menu-item menu-item-type-post_type menu-item-object-page menu-item-7816\"><a href=\"https:\/\/faustmuseum.de\/en\/faust-museum\/museums-pass\/\">Museums-Pass-Mus\u00e9es<\/a><\/li>\n<\/ul><\/div>\n\n\n\n<hr class=\"wp-block-separator has-css-opacity advgb-dyn-c3f4f0ad\"\/>\n\n\n<h1 class=\"wp-block-post-title\">Museums-Pass-Mus\u00e9es<\/h1>\n\n\n<h3 class=\"wp-block-heading\" id=\"museums-pass-die-eintrittskarte-fur-rund-320-museen-in-3-landern-und-jetzt-auch-in-das-faust-museum-knittlingen\">Museum Pass: The admission ticket to around 320 museums in 3 countries &#8211; and now also to the Faust Museum in Knittlingen.<\/h3>\n\n\n\n<p>The Museums-Pass is an annual ticket for around 320 museums in Germany, France and Switzerland.<\/p>\n\n\n\n<p>It offers free access to a wide variety of museums and exhibitions for one year from your first visit. The Museum Pass gives you unlimited admission to the permanent and special exhibitions in each member museum. Up to five children under 18 can also enter the museum for free. The Museum Pass is non-transferable.<\/p>\n\n\n\n<h3 class=\"wp-block-heading\" id=\"der-museums-pass-als-geschenk\">The Museum Pass as a gift<\/h3>\n\n\n\n<p>If you would like to give your family, friends or colleagues a Museum Pass as a gift, you can also purchase a blank Museum Pass at any of the museums, instructions on how to fill it out included. The person receiving the gift can then fill in their Museum Pass themselves and decide when it should be valid for a year.<\/p>\n\n\n\n<h3 class=\"wp-block-heading\" id=\"der-museums-pass-ist-auch-bei-uns-im-faust-museum-erhaltlich\">The Museum Pass is also available at the Faust Museum!<\/h3>\n\n\n\n<hr class=\"wp-block-separator has-css-opacity advgb-dyn-c3f4f0ad\"\/>\n\n\n\n<h3 class=\"wp-block-heading\" id=\"tarife-und-preise-2018\">Tariffs and prices 2023<\/h3>\n\n\n\n<figure class=\"wp-block-table\"><table><tbody><tr><td><strong>Tariff<\/strong><br>(1 person + up to 5 children under 18)<\/td><td><em>\u20ac 119,00<\/em><\/td><\/tr><tr><td><strong>Reduced tariff&nbsp;*<\/strong><br>(1 person + up to 5 children under 18 years)<\/td><td><em>\u20ac 113,00<\/em><\/td><\/tr><\/tbody><\/table><\/figure>\n\n\n\n<p>* Available to pupils, students, trainees, the unemployed, the disabled, teachers and members of museum support associations on presentation of the relevant ID at the museum ticket office.<\/p>\n\n\n\n<p><a href=\"https:\/\/www.museumspass.com\/en\">Further information on the Museum Pass can be found <strong>here<\/strong> &#8230;<\/a><\/p>\n","protected":false},"excerpt":{"rendered":"<p>Museum Pass: The admission ticket to around 320 museums in 3 countries &#8211; and now also to the Faust Museum in Knittlingen. The Museums-Pass is an annual ticket for around 320 museums in Germany, France and Switzerland. It offers free access to a wide variety of museums and exhibitions for one year from your first [&hellip;]<\/p>\n","protected":false},"author":3,"featured_media":8282,"parent":7123,"menu_order":5,"comment_status":"closed","ping_status":"closed","template":"","meta":{"_uag_custom_page_level_css":"","advgb_blocks_editor_width":"","advgb_blocks_columns_visual_guide":"","footnotes":""},"class_list":["post-3753","page","type-page","status-publish","has-post-thumbnail","hentry"],"yoast_head":"<!-- This site is optimized with the Yoast SEO plugin v27.3 - https:\/\/yoast.com\/product\/yoast-seo-wordpress\/ -->\n<title>Museums-Pass-Mus\u00e9es - Faust Museum<\/title>\n<meta name=\"description\" content=\"Jetzt auch erh\u00e4ltlich f\u00fcr das Faust-Museum Knittlingen ist der Museums-Pass, die Eintrittskarte f\u00fcr rund 320 Museen in 3 L\u00e4ndern!\" \/>\n<meta name=\"robots\" content=\"index, follow, max-snippet:-1, max-image-preview:large, max-video-preview:-1\" \/>\n<link rel=\"canonical\" href=\"https:\/\/faustmuseum.de\/en\/faust-museum\/museums-pass\/\" \/>\n<meta property=\"og:locale\" content=\"en_US\" \/>\n<meta property=\"og:type\" content=\"article\" \/>\n<meta property=\"og:title\" content=\"Museums-Pass-Mus\u00e9es - Faust Museum\" \/>\n<meta property=\"og:description\" content=\"Jetzt auch erh\u00e4ltlich f\u00fcr das Faust-Museum Knittlingen ist der Museums-Pass, die Eintrittskarte f\u00fcr rund 320 Museen in 3 L\u00e4ndern!\" \/>\n<meta property=\"og:url\" content=\"https:\/\/faustmuseum.de\/en\/faust-museum\/museums-pass\/\" \/>\n<meta property=\"og:site_name\" content=\"Faust Museum\" \/>\n<meta property=\"article:modified_time\" content=\"2023-01-09T14:20:00+00:00\" \/>\n<meta property=\"og:image\" content=\"https:\/\/faustmuseum.de\/en\/wp-content\/uploads\/sites\/2\/2022\/04\/faustmusem_HG_muspass.png\" \/>\n\t<meta property=\"og:image:width\" content=\"2000\" \/>\n\t<meta property=\"og:image:height\" content=\"1650\" \/>\n\t<meta property=\"og:image:type\" content=\"image\/png\" \/>\n<meta name=\"twitter:card\" content=\"summary_large_image\" \/>\n<meta name=\"twitter:label1\" content=\"Est. reading time\" \/>\n\t<meta name=\"twitter:data1\" content=\"2 minutes\" \/>\n<script type=\"application\/ld+json\" class=\"yoast-schema-graph\">{\"@context\":\"https:\\\/\\\/schema.org\",\"@graph\":[{\"@type\":\"WebPage\",\"@id\":\"https:\\\/\\\/faustmuseum.de\\\/en\\\/faust-museum\\\/museums-pass\\\/\",\"url\":\"https:\\\/\\\/faustmuseum.de\\\/en\\\/faust-museum\\\/museums-pass\\\/\",\"name\":\"Museums-Pass-Mus\u00e9es - Faust Museum\",\"isPartOf\":{\"@id\":\"https:\\\/\\\/faustmuseum.de\\\/en\\\/#website\"},\"primaryImageOfPage\":{\"@id\":\"https:\\\/\\\/faustmuseum.de\\\/en\\\/faust-museum\\\/museums-pass\\\/#primaryimage\"},\"image\":{\"@id\":\"https:\\\/\\\/faustmuseum.de\\\/en\\\/faust-museum\\\/museums-pass\\\/#primaryimage\"},\"thumbnailUrl\":\"https:\\\/\\\/faustmuseum.de\\\/en\\\/wp-content\\\/uploads\\\/sites\\\/2\\\/2022\\\/04\\\/faustmusem_HG_muspass.png\",\"datePublished\":\"2016-07-19T14:59:05+00:00\",\"dateModified\":\"2023-01-09T14:20:00+00:00\",\"description\":\"Jetzt auch erh\u00e4ltlich f\u00fcr das Faust-Museum Knittlingen ist der Museums-Pass, die Eintrittskarte f\u00fcr rund 320 Museen in 3 L\u00e4ndern!\",\"breadcrumb\":{\"@id\":\"https:\\\/\\\/faustmuseum.de\\\/en\\\/faust-museum\\\/museums-pass\\\/#breadcrumb\"},\"inLanguage\":\"en-US\",\"potentialAction\":[{\"@type\":\"ReadAction\",\"target\":[\"https:\\\/\\\/faustmuseum.de\\\/en\\\/faust-museum\\\/museums-pass\\\/\"]}]},{\"@type\":\"ImageObject\",\"inLanguage\":\"en-US\",\"@id\":\"https:\\\/\\\/faustmuseum.de\\\/en\\\/faust-museum\\\/museums-pass\\\/#primaryimage\",\"url\":\"https:\\\/\\\/faustmuseum.de\\\/en\\\/wp-content\\\/uploads\\\/sites\\\/2\\\/2022\\\/04\\\/faustmusem_HG_muspass.png\",\"contentUrl\":\"https:\\\/\\\/faustmuseum.de\\\/en\\\/wp-content\\\/uploads\\\/sites\\\/2\\\/2022\\\/04\\\/faustmusem_HG_muspass.png\",\"width\":2000,\"height\":1650,\"caption\":\"Museum Pass\"},{\"@type\":\"BreadcrumbList\",\"@id\":\"https:\\\/\\\/faustmuseum.de\\\/en\\\/faust-museum\\\/museums-pass\\\/#breadcrumb\",\"itemListElement\":[{\"@type\":\"ListItem\",\"position\":1,\"name\":\"Startseite\",\"item\":\"https:\\\/\\\/faustmuseum.de\\\/en\\\/\"},{\"@type\":\"ListItem\",\"position\":2,\"name\":\"Faust Museum\",\"item\":\"https:\\\/\\\/faustmuseum.de\\\/en\\\/faust-museum\\\/\"},{\"@type\":\"ListItem\",\"position\":3,\"name\":\"Museums-Pass-Mus\u00e9es\"}]},{\"@type\":\"WebSite\",\"@id\":\"https:\\\/\\\/faustmuseum.de\\\/en\\\/#website\",\"url\":\"https:\\\/\\\/faustmuseum.de\\\/en\\\/\",\"name\":\"Faust Museum\",\"description\":\"The Faust Museum in Knittlingen\",\"potentialAction\":[{\"@type\":\"SearchAction\",\"target\":{\"@type\":\"EntryPoint\",\"urlTemplate\":\"https:\\\/\\\/faustmuseum.de\\\/en\\\/?s={search_term_string}\"},\"query-input\":{\"@type\":\"PropertyValueSpecification\",\"valueRequired\":true,\"valueName\":\"search_term_string\"}}],\"inLanguage\":\"en-US\"}]}<\/script>\n<!-- \/ Yoast SEO plugin. -->","yoast_head_json":{"title":"Museums-Pass-Mus\u00e9es - Faust Museum","description":"Jetzt auch erh\u00e4ltlich f\u00fcr das Faust-Museum Knittlingen ist der Museums-Pass, die Eintrittskarte f\u00fcr rund 320 Museen in 3 L\u00e4ndern!","robots":{"index":"index","follow":"follow","max-snippet":"max-snippet:-1","max-image-preview":"max-image-preview:large","max-video-preview":"max-video-preview:-1"},"canonical":"https:\/\/faustmuseum.de\/en\/faust-museum\/museums-pass\/","og_locale":"en_US","og_type":"article","og_title":"Museums-Pass-Mus\u00e9es - Faust Museum","og_description":"Jetzt auch erh\u00e4ltlich f\u00fcr das Faust-Museum Knittlingen ist der Museums-Pass, die Eintrittskarte f\u00fcr rund 320 Museen in 3 L\u00e4ndern!","og_url":"https:\/\/faustmuseum.de\/en\/faust-museum\/museums-pass\/","og_site_name":"Faust Museum","article_modified_time":"2023-01-09T14:20:00+00:00","og_image":[{"width":2000,"height":1650,"url":"https:\/\/faustmuseum.de\/en\/wp-content\/uploads\/sites\/2\/2022\/04\/faustmusem_HG_muspass.png","type":"image\/png"}],"twitter_card":"summary_large_image","twitter_misc":{"Est. reading time":"2 minutes"},"schema":{"@context":"https:\/\/schema.org","@graph":[{"@type":"WebPage","@id":"https:\/\/faustmuseum.de\/en\/faust-museum\/museums-pass\/","url":"https:\/\/faustmuseum.de\/en\/faust-museum\/museums-pass\/","name":"Museums-Pass-Mus\u00e9es - Faust Museum","isPartOf":{"@id":"https:\/\/faustmuseum.de\/en\/#website"},"primaryImageOfPage":{"@id":"https:\/\/faustmuseum.de\/en\/faust-museum\/museums-pass\/#primaryimage"},"image":{"@id":"https:\/\/faustmuseum.de\/en\/faust-museum\/museums-pass\/#primaryimage"},"thumbnailUrl":"https:\/\/faustmuseum.de\/en\/wp-content\/uploads\/sites\/2\/2022\/04\/faustmusem_HG_muspass.png","datePublished":"2016-07-19T14:59:05+00:00","dateModified":"2023-01-09T14:20:00+00:00","description":"Jetzt auch erh\u00e4ltlich f\u00fcr das Faust-Museum Knittlingen ist der Museums-Pass, die Eintrittskarte f\u00fcr rund 320 Museen in 3 L\u00e4ndern!","breadcrumb":{"@id":"https:\/\/faustmuseum.de\/en\/faust-museum\/museums-pass\/#breadcrumb"},"inLanguage":"en-US","potentialAction":[{"@type":"ReadAction","target":["https:\/\/faustmuseum.de\/en\/faust-museum\/museums-pass\/"]}]},{"@type":"ImageObject","inLanguage":"en-US","@id":"https:\/\/faustmuseum.de\/en\/faust-museum\/museums-pass\/#primaryimage","url":"https:\/\/faustmuseum.de\/en\/wp-content\/uploads\/sites\/2\/2022\/04\/faustmusem_HG_muspass.png","contentUrl":"https:\/\/faustmuseum.de\/en\/wp-content\/uploads\/sites\/2\/2022\/04\/faustmusem_HG_muspass.png","width":2000,"height":1650,"caption":"Museum Pass"},{"@type":"BreadcrumbList","@id":"https:\/\/faustmuseum.de\/en\/faust-museum\/museums-pass\/#breadcrumb","itemListElement":[{"@type":"ListItem","position":1,"name":"Startseite","item":"https:\/\/faustmuseum.de\/en\/"},{"@type":"ListItem","position":2,"name":"Faust Museum","item":"https:\/\/faustmuseum.de\/en\/faust-museum\/"},{"@type":"ListItem","position":3,"name":"Museums-Pass-Mus\u00e9es"}]},{"@type":"WebSite","@id":"https:\/\/faustmuseum.de\/en\/#website","url":"https:\/\/faustmuseum.de\/en\/","name":"Faust Museum","description":"The Faust Museum in Knittlingen","potentialAction":[{"@type":"SearchAction","target":{"@type":"EntryPoint","urlTemplate":"https:\/\/faustmuseum.de\/en\/?s={search_term_string}"},"query-input":{"@type":"PropertyValueSpecification","valueRequired":true,"valueName":"search_term_string"}}],"inLanguage":"en-US"}]}},"uagb_featured_image_src":{"full":["https:\/\/faustmuseum.de\/en\/wp-content\/uploads\/sites\/2\/2022\/04\/faustmusem_HG_muspass.png",2000,1650,false],"thumbnail":["https:\/\/faustmuseum.de\/en\/wp-content\/uploads\/sites\/2\/2022\/04\/faustmusem_HG_muspass-150x150.png",150,150,true],"medium":["https:\/\/faustmuseum.de\/en\/wp-content\/uploads\/sites\/2\/2022\/04\/faustmusem_HG_muspass-300x248.png",300,248,true],"medium_large":["https:\/\/faustmuseum.de\/en\/wp-content\/uploads\/sites\/2\/2022\/04\/faustmusem_HG_muspass-768x634.png",580,479,true],"large":["https:\/\/faustmuseum.de\/en\/wp-content\/uploads\/sites\/2\/2022\/04\/faustmusem_HG_muspass-1024x845.png",580,479,true],"1536x1536":["https:\/\/faustmuseum.de\/en\/wp-content\/uploads\/sites\/2\/2022\/04\/faustmusem_HG_muspass-1536x1267.png",1536,1267,true],"2048x2048":["https:\/\/faustmuseum.de\/en\/wp-content\/uploads\/sites\/2\/2022\/04\/faustmusem_HG_muspass.png",2000,1650,false],"post-thumbnail":["https:\/\/faustmuseum.de\/en\/wp-content\/uploads\/sites\/2\/2022\/04\/faustmusem_HG_muspass-1200x990.png",1200,990,true],"twentytwenty-fullscreen":["https:\/\/faustmuseum.de\/en\/wp-content\/uploads\/sites\/2\/2022\/04\/faustmusem_HG_muspass-1980x1634.png",1980,1634,true]},"uagb_author_info":{"display_name":"Faust-Museum","author_link":"https:\/\/faustmuseum.de\/en\/author\/diefaustdamen\/"},"uagb_comment_info":0,"uagb_excerpt":"Museum Pass: The admission ticket to around 320 museums in 3 countries &#8211; and now also to the Faust Museum in Knittlingen. The Museums-Pass is an annual ticket for around 320 museums in Germany, France and Switzerland. It offers free access to a wide variety of museums and exhibitions for one year from your first&hellip;","wps_subtitle":"","coauthors":[],"author_meta":{"author_link":"https:\/\/faustmuseum.de\/en\/author\/diefaustdamen\/","display_name":"Faust-Museum"},"relative_dates":{"created":"Posted 10 years ago","modified":"Updated 3 years ago"},"absolute_dates":{"created":"Posted on 2016 July 19.","modified":"Updated on 2023 January 9."},"absolute_dates_time":{"created":"Posted on 2016 July 19. 14:59","modified":"Updated on 2023 January 9. 15:20"},"featured_img_caption":"","featured_img":"https:\/\/faustmuseum.de\/en\/wp-content\/uploads\/sites\/2\/2022\/04\/faustmusem_HG_muspass-1200x990.png","series_order":"","publishpress_future_action":{"enabled":false,"date":"2026-04-15 13:24:00","action":"change-status","newStatus":"draft","terms":[],"taxonomy":"","extraData":[]},"publishpress_future_workflow_manual_trigger":{"enabledWorkflows":[]},"_links":{"self":[{"href":"https:\/\/faustmuseum.de\/en\/wp-json\/wp\/v2\/pages\/3753","targetHints":{"allow":["GET"]}}],"collection":[{"href":"https:\/\/faustmuseum.de\/en\/wp-json\/wp\/v2\/pages"}],"about":[{"href":"https:\/\/faustmuseum.de\/en\/wp-json\/wp\/v2\/types\/page"}],"author":[{"embeddable":true,"href":"https:\/\/faustmuseum.de\/en\/wp-json\/wp\/v2\/users\/3"}],"replies":[{"embeddable":true,"href":"https:\/\/faustmuseum.de\/en\/wp-json\/wp\/v2\/comments?post=3753"}],"version-history":[{"count":10,"href":"https:\/\/faustmuseum.de\/en\/wp-json\/wp\/v2\/pages\/3753\/revisions"}],"predecessor-version":[{"id":8489,"href":"https:\/\/faustmuseum.de\/en\/wp-json\/wp\/v2\/pages\/3753\/revisions\/8489"}],"up":[{"embeddable":true,"href":"https:\/\/faustmuseum.de\/en\/wp-json\/wp\/v2\/pages\/7123"}],"wp:featuredmedia":[{"embeddable":true,"href":"https:\/\/faustmuseum.de\/en\/wp-json\/wp\/v2\/media\/8282"}],"wp:attachment":[{"href":"https:\/\/faustmuseum.de\/en\/wp-json\/wp\/v2\/media?parent=3753"}],"curies":[{"name":"wp","href":"https:\/\/api.w.org\/{rel}","templated":true}]}}