{"id":1943,"date":"2014-08-29T09:54:48","date_gmt":"2014-08-29T09:54:44","guid":{"rendered":"https:\/\/faustmuseum.de\/?page_id=1943"},"modified":"2024-06-26T11:22:53","modified_gmt":"2024-06-26T09:22:53","slug":"contact-legal-notice","status":"publish","type":"page","link":"https:\/\/faustmuseum.de\/en\/contact-legal-notice\/","title":{"rendered":"Legal Notice"},"content":{"rendered":"\n<h1 class=\"wp-block-heading\">Legal Notice<\/h1>\n\n\n\n<p><strong>Angaben gem\u00e4\u00df \u00a7 5 DDG:<\/strong><\/p>\n\n\n\n<p>Anbieter im Sinne des bzw. RStV ist die<br><strong>Stadt Knittlingen (Website-Betreiber)<\/strong><br>B\u00fcrgermeister\u00a0Alexander Kozel<br>Marktstra\u00dfe 19<br>75438 Knittlingen<br>Fon: 0 70 43 \/ 373-0<br>Fax: 0 70 43 \/ 373-90<\/p>\n\n\n\n<p>Die Stadt Knittlingen ist eine K\u00f6rperschaft des \u00d6ffentlichen Rechts. Sie wird vertreten durch den B\u00fcrgermeister&nbsp;Alexander Kozel.<\/p>\n\n\n\n<h2 class=\"wp-block-heading\">Verantwortlich f\u00fcr den Inhalt nach \u00a7 55 Abs. 2 RStV:<\/h2>\n\n\n\n<p>B\u00fcrgermeister&nbsp;Alexander Kozel<br>Stadt Knittlingen<br>Marktstra\u00dfe 19<br>75438 Knittlingen<\/p>\n\n\n\n<h2 class=\"wp-block-heading\">Faust-Museum<\/h2>\n\n\n\n<p>Kirchplatz 2<br>75438 Knittlingen<br>Telefon 07043 \/ 373-453<br><a href=\"mailto:faustmuseum@knittlingen.de\" target=\"_blank\" rel=\"noopener noreferrer\">faustmuseum@knittlingen.de<\/a><\/p>\n\n\n\n<h2 class=\"wp-block-heading\">Faust-Archiv<\/h2>\n\n\n\n<p>Kirchplatz 9<br>75438 Knittlingen<br>Telefon 07043 \/ 373-450<br><a href=\"mailto:faustmuseum@knittlingen.de\" target=\"_blank\" rel=\"noopener noreferrer\">faustmuseum@knittlingen.de<\/a><\/p>\n\n\n\n<p><strong>Design + Konzept<\/strong> <a href=\"https:\/\/anne-hooss.de\/\">Anne Hooss<\/a><br><strong>Hergestellt von <\/strong><a href=\"https:\/\/aha-projects-webdesign.de\/\">Hans Hooss<\/a><\/p>\n\n\n\n<h2 class=\"wp-block-heading\">Rechtliches<\/h2>\n\n\n\n<h3 class=\"wp-block-heading\">Streitschlichtung<\/h3>\n\n\n\n<p>Wir sind nicht bereit oder verpflichtet, an Streitbeilegungsverfahren vor einer Verbraucherschlichtungsstelle teilzunehmen.<\/p>\n\n\n\n<h3 class=\"wp-block-heading\">Haftung f\u00fcr Inhalte<\/h3>\n\n\n\n<p>Als Diensteanbieter sind wir gem\u00e4\u00df \u00a7 7 Abs.1 DDG f\u00fcr eigene Inhalte auf diesen Seiten nach den allgemeinen Gesetzen verantwortlich. Nach \u00a7\u00a7 8 bis 10 DDG sind wir als Diensteanbieter jedoch nicht verpflichtet, \u00fcbermittelte oder gespeicherte fremde Informationen zu \u00fcberwachen oder nach Umst\u00e4nden zu forschen, die auf eine rechtswidrige T\u00e4tigkeit hinweisen.<\/p>\n\n\n\n<p>Verpflichtungen zur Entfernung oder Sperrung der Nutzung von Informationen nach den allgemeinen Gesetzen bleiben hiervon unber\u00fchrt. Eine diesbez\u00fcgliche Haftung ist jedoch erst ab dem Zeitpunkt der Kenntnis einer konkreten Rechtsverletzung m\u00f6glich. Bei Bekanntwerden von entsprechenden Rechtsverletzungen werden wir diese Inhalte umgehend entfernen.<\/p>\n\n\n\n<h3 class=\"wp-block-heading\">Haftung f\u00fcr Links<\/h3>\n\n\n\n<p>Unser Angebot enth\u00e4lt Links zu externen Websites Dritter, auf deren Inhalte wir keinen Einfluss haben. Deshalb k\u00f6nnen wir f\u00fcr diese fremden Inhalte auch keine Gew\u00e4hr \u00fcbernehmen. F\u00fcr die Inhalte der verlinkten Seiten ist stets der jeweilige Anbieter oder Betreiber der Seiten verantwortlich. Die verlinkten Seiten wurden zum Zeitpunkt der Verlinkung auf m\u00f6gliche Rechtsverst\u00f6\u00dfe \u00fcberpr\u00fcft. Rechtswidrige Inhalte waren zum Zeitpunkt der Verlinkung nicht erkennbar.<\/p>\n\n\n\n<p>Eine permanente inhaltliche Kontrolle der verlinkten Seiten ist jedoch ohne konkrete Anhaltspunkte einer Rechtsverletzung nicht zumutbar. Bei Bekanntwerden von Rechtsverletzungen werden wir derartige Links umgehend entfernen.<\/p>\n\n\n\n<h3 class=\"wp-block-heading\">Urheberrecht<\/h3>\n\n\n\n<p>Die durch die Seitenbetreiber erstellten Inhalte und Werke auf diesen Seiten unterliegen dem deutschen Urheberrecht. Die Vervielf\u00e4ltigung, Bearbeitung, Verbreitung und jede Art der Verwertung au\u00dferhalb der Grenzen des Urheberrechtes bed\u00fcrfen der schriftlichen Zustimmung des jeweiligen Autors bzw. Erstellers. Downloads und Kopien dieser Seite sind nur f\u00fcr den privaten, nicht kommerziellen Gebrauch gestattet.<\/p>\n\n\n\n<p>Soweit die Inhalte auf dieser Seite nicht vom Betreiber erstellt wurden, werden die Urheberrechte Dritter beachtet. Insbesondere werden Inhalte Dritter als solche gekennzeichnet. Sollten Sie trotzdem auf eine Urheberrechtsverletzung aufmerksam werden, bitten wir um einen entsprechenden Hinweis. Bei Bekanntwerden von Rechtsverletzungen werden wir derartige Inhalte umgehend entfernen.<\/p>\n","protected":false},"excerpt":{"rendered":"<p>Legal Notice Angaben gem\u00e4\u00df \u00a7 5 DDG: Anbieter im Sinne des bzw. RStV ist dieStadt Knittlingen (Website-Betreiber)B\u00fcrgermeister\u00a0Alexander KozelMarktstra\u00dfe 1975438 KnittlingenFon: 0 70 43 \/ 373-0Fax: 0 70 43 \/ 373-90 Die Stadt Knittlingen ist eine K\u00f6rperschaft des \u00d6ffentlichen Rechts. Sie wird vertreten durch den B\u00fcrgermeister&nbsp;Alexander Kozel. Verantwortlich f\u00fcr den Inhalt nach \u00a7 55 Abs. 2 [&hellip;]<\/p>\n","protected":false},"author":3,"featured_media":0,"parent":0,"menu_order":15,"comment_status":"closed","ping_status":"closed","template":"","meta":{"_uag_custom_page_level_css":"","advgb_blocks_editor_width":"","advgb_blocks_columns_visual_guide":"","footnotes":""},"class_list":["post-1943","page","type-page","status-publish","hentry"],"yoast_head":"<!-- This site is optimized with the Yoast SEO plugin v27.3 - https:\/\/yoast.com\/product\/yoast-seo-wordpress\/ -->\n<title>Legal Notice - Faust Museum<\/title>\n<meta name=\"robots\" content=\"index, follow, max-snippet:-1, max-image-preview:large, max-video-preview:-1\" \/>\n<link rel=\"canonical\" href=\"https:\/\/faustmuseum.de\/en\/contact-legal-notice\/\" \/>\n<meta property=\"og:locale\" content=\"en_US\" \/>\n<meta property=\"og:type\" content=\"article\" \/>\n<meta property=\"og:title\" content=\"Legal Notice - Faust Museum\" \/>\n<meta property=\"og:description\" content=\"Legal Notice Angaben gem\u00e4\u00df \u00a7 5 DDG: Anbieter im Sinne des bzw. RStV ist dieStadt Knittlingen (Website-Betreiber)B\u00fcrgermeister\u00a0Alexander KozelMarktstra\u00dfe 1975438 KnittlingenFon: 0 70 43 \/ 373-0Fax: 0 70 43 \/ 373-90 Die Stadt Knittlingen ist eine K\u00f6rperschaft des \u00d6ffentlichen Rechts. Sie wird vertreten durch den B\u00fcrgermeister&nbsp;Alexander Kozel. Verantwortlich f\u00fcr den Inhalt nach \u00a7 55 Abs. 2 [&hellip;]\" \/>\n<meta property=\"og:url\" content=\"https:\/\/faustmuseum.de\/en\/contact-legal-notice\/\" \/>\n<meta property=\"og:site_name\" content=\"Faust Museum\" \/>\n<meta property=\"article:modified_time\" content=\"2024-06-26T09:22:53+00:00\" \/>\n<meta name=\"twitter:card\" content=\"summary_large_image\" \/>\n<meta name=\"twitter:label1\" content=\"Est. reading time\" \/>\n\t<meta name=\"twitter:data1\" content=\"2 minutes\" \/>\n<script type=\"application\/ld+json\" class=\"yoast-schema-graph\">{\"@context\":\"https:\\\/\\\/schema.org\",\"@graph\":[{\"@type\":\"WebPage\",\"@id\":\"https:\\\/\\\/faustmuseum.de\\\/en\\\/contact-legal-notice\\\/\",\"url\":\"https:\\\/\\\/faustmuseum.de\\\/en\\\/contact-legal-notice\\\/\",\"name\":\"Legal Notice - Faust Museum\",\"isPartOf\":{\"@id\":\"https:\\\/\\\/faustmuseum.de\\\/en\\\/#website\"},\"datePublished\":\"2014-08-29T09:54:44+00:00\",\"dateModified\":\"2024-06-26T09:22:53+00:00\",\"breadcrumb\":{\"@id\":\"https:\\\/\\\/faustmuseum.de\\\/en\\\/contact-legal-notice\\\/#breadcrumb\"},\"inLanguage\":\"en-US\",\"potentialAction\":[{\"@type\":\"ReadAction\",\"target\":[\"https:\\\/\\\/faustmuseum.de\\\/en\\\/contact-legal-notice\\\/\"]}]},{\"@type\":\"BreadcrumbList\",\"@id\":\"https:\\\/\\\/faustmuseum.de\\\/en\\\/contact-legal-notice\\\/#breadcrumb\",\"itemListElement\":[{\"@type\":\"ListItem\",\"position\":1,\"name\":\"Startseite\",\"item\":\"https:\\\/\\\/faustmuseum.de\\\/en\\\/\"},{\"@type\":\"ListItem\",\"position\":2,\"name\":\"Legal Notice\"}]},{\"@type\":\"WebSite\",\"@id\":\"https:\\\/\\\/faustmuseum.de\\\/en\\\/#website\",\"url\":\"https:\\\/\\\/faustmuseum.de\\\/en\\\/\",\"name\":\"Faust Museum\",\"description\":\"The Faust Museum in Knittlingen\",\"potentialAction\":[{\"@type\":\"SearchAction\",\"target\":{\"@type\":\"EntryPoint\",\"urlTemplate\":\"https:\\\/\\\/faustmuseum.de\\\/en\\\/?s={search_term_string}\"},\"query-input\":{\"@type\":\"PropertyValueSpecification\",\"valueRequired\":true,\"valueName\":\"search_term_string\"}}],\"inLanguage\":\"en-US\"}]}<\/script>\n<!-- \/ Yoast SEO plugin. -->","yoast_head_json":{"title":"Legal Notice - Faust Museum","robots":{"index":"index","follow":"follow","max-snippet":"max-snippet:-1","max-image-preview":"max-image-preview:large","max-video-preview":"max-video-preview:-1"},"canonical":"https:\/\/faustmuseum.de\/en\/contact-legal-notice\/","og_locale":"en_US","og_type":"article","og_title":"Legal Notice - Faust Museum","og_description":"Legal Notice Angaben gem\u00e4\u00df \u00a7 5 DDG: Anbieter im Sinne des bzw. RStV ist dieStadt Knittlingen (Website-Betreiber)B\u00fcrgermeister\u00a0Alexander KozelMarktstra\u00dfe 1975438 KnittlingenFon: 0 70 43 \/ 373-0Fax: 0 70 43 \/ 373-90 Die Stadt Knittlingen ist eine K\u00f6rperschaft des \u00d6ffentlichen Rechts. Sie wird vertreten durch den B\u00fcrgermeister&nbsp;Alexander Kozel. Verantwortlich f\u00fcr den Inhalt nach \u00a7 55 Abs. 2 [&hellip;]","og_url":"https:\/\/faustmuseum.de\/en\/contact-legal-notice\/","og_site_name":"Faust Museum","article_modified_time":"2024-06-26T09:22:53+00:00","twitter_card":"summary_large_image","twitter_misc":{"Est. reading time":"2 minutes"},"schema":{"@context":"https:\/\/schema.org","@graph":[{"@type":"WebPage","@id":"https:\/\/faustmuseum.de\/en\/contact-legal-notice\/","url":"https:\/\/faustmuseum.de\/en\/contact-legal-notice\/","name":"Legal Notice - Faust Museum","isPartOf":{"@id":"https:\/\/faustmuseum.de\/en\/#website"},"datePublished":"2014-08-29T09:54:44+00:00","dateModified":"2024-06-26T09:22:53+00:00","breadcrumb":{"@id":"https:\/\/faustmuseum.de\/en\/contact-legal-notice\/#breadcrumb"},"inLanguage":"en-US","potentialAction":[{"@type":"ReadAction","target":["https:\/\/faustmuseum.de\/en\/contact-legal-notice\/"]}]},{"@type":"BreadcrumbList","@id":"https:\/\/faustmuseum.de\/en\/contact-legal-notice\/#breadcrumb","itemListElement":[{"@type":"ListItem","position":1,"name":"Startseite","item":"https:\/\/faustmuseum.de\/en\/"},{"@type":"ListItem","position":2,"name":"Legal Notice"}]},{"@type":"WebSite","@id":"https:\/\/faustmuseum.de\/en\/#website","url":"https:\/\/faustmuseum.de\/en\/","name":"Faust Museum","description":"The Faust Museum in Knittlingen","potentialAction":[{"@type":"SearchAction","target":{"@type":"EntryPoint","urlTemplate":"https:\/\/faustmuseum.de\/en\/?s={search_term_string}"},"query-input":{"@type":"PropertyValueSpecification","valueRequired":true,"valueName":"search_term_string"}}],"inLanguage":"en-US"}]}},"uagb_featured_image_src":{"full":false,"thumbnail":false,"medium":false,"medium_large":false,"large":false,"1536x1536":false,"2048x2048":false,"post-thumbnail":false,"twentytwenty-fullscreen":false},"uagb_author_info":{"display_name":"Faust-Museum","author_link":"https:\/\/faustmuseum.de\/en\/author\/diefaustdamen\/"},"uagb_comment_info":0,"uagb_excerpt":"Legal Notice Angaben gem\u00e4\u00df \u00a7 5 DDG: Anbieter im Sinne des bzw. RStV ist dieStadt Knittlingen (Website-Betreiber)B\u00fcrgermeister\u00a0Alexander KozelMarktstra\u00dfe 1975438 KnittlingenFon: 0 70 43 \/ 373-0Fax: 0 70 43 \/ 373-90 Die Stadt Knittlingen ist eine K\u00f6rperschaft des \u00d6ffentlichen Rechts. Sie wird vertreten durch den B\u00fcrgermeister&nbsp;Alexander Kozel. Verantwortlich f\u00fcr den Inhalt nach \u00a7 55 Abs. 2&hellip;","wps_subtitle":"","coauthors":[],"author_meta":{"author_link":"https:\/\/faustmuseum.de\/en\/author\/diefaustdamen\/","display_name":"Faust-Museum"},"relative_dates":{"created":"Posted 12 years ago","modified":"Updated 2 years ago"},"absolute_dates":{"created":"Posted on 2014 August 29.","modified":"Updated on 2024 June 26."},"absolute_dates_time":{"created":"Posted on 2014 August 29. 9:54","modified":"Updated on 2024 June 26. 11:22"},"featured_img_caption":"","featured_img":false,"series_order":"","publishpress_future_action":{"enabled":false,"date":"2026-04-15 14:00:42","action":"change-status","newStatus":"draft","terms":[],"taxonomy":"","extraData":[]},"publishpress_future_workflow_manual_trigger":{"enabledWorkflows":[]},"_links":{"self":[{"href":"https:\/\/faustmuseum.de\/en\/wp-json\/wp\/v2\/pages\/1943","targetHints":{"allow":["GET"]}}],"collection":[{"href":"https:\/\/faustmuseum.de\/en\/wp-json\/wp\/v2\/pages"}],"about":[{"href":"https:\/\/faustmuseum.de\/en\/wp-json\/wp\/v2\/types\/page"}],"author":[{"embeddable":true,"href":"https:\/\/faustmuseum.de\/en\/wp-json\/wp\/v2\/users\/3"}],"replies":[{"embeddable":true,"href":"https:\/\/faustmuseum.de\/en\/wp-json\/wp\/v2\/comments?post=1943"}],"version-history":[{"count":8,"href":"https:\/\/faustmuseum.de\/en\/wp-json\/wp\/v2\/pages\/1943\/revisions"}],"predecessor-version":[{"id":8603,"href":"https:\/\/faustmuseum.de\/en\/wp-json\/wp\/v2\/pages\/1943\/revisions\/8603"}],"wp:attachment":[{"href":"https:\/\/faustmuseum.de\/en\/wp-json\/wp\/v2\/media?parent=1943"}],"curies":[{"name":"wp","href":"https:\/\/api.w.org\/{rel}","templated":true}]}}