{"id":1780,"date":"2014-08-11T17:19:48","date_gmt":"2014-08-11T17:19:44","guid":{"rendered":"https:\/\/faustmuseum.de\/?page_id=1780"},"modified":"2022-11-17T13:03:47","modified_gmt":"2022-11-17T12:03:47","slug":"the-collections-of-the-faust-archive","status":"publish","type":"page","link":"https:\/\/faustmuseum.de\/en\/faust-archive\/the-collections-of-the-faust-archive\/","title":{"rendered":"The Collections of the Faust Archive"},"content":{"rendered":"\n<h3 class=\"seitenueberschrift wp-block-heading\">Faust Archive<\/h3>\n\n\n<div class=\"menu-subnavi-faust-archiv-container\"><ul id=\"menu-subnavi-faust-archiv\" class=\"subnavi-on-page\"><li id=\"menu-item-7818\" class=\"menu-item menu-item-type-post_type menu-item-object-page menu-item-7818\"><a href=\"https:\/\/faustmuseum.de\/en\/faust-archive\/\">Faust Archive<\/a><\/li>\n<li id=\"menu-item-7819\" class=\"menu-item menu-item-type-post_type menu-item-object-page menu-item-7819\"><a href=\"https:\/\/faustmuseum.de\/en\/faust-archive\/library-in-the-faust-archive\/\">Library in the Faust Archive<\/a><\/li>\n<li id=\"menu-item-7820\" class=\"menu-item menu-item-type-post_type menu-item-object-page menu-item-7820\"><a href=\"https:\/\/faustmuseum.de\/en\/faust-archive\/the-collections-of-the-faust-archive\/\">The Collections of the Faust Archive<\/a><\/li>\n<li id=\"menu-item-7821\" class=\"menu-item menu-item-type-post_type menu-item-object-page menu-item-7821\"><a href=\"https:\/\/faustmuseum.de\/en\/faust-archive\/opening-hours\/\">Opening hours<\/a><\/li>\n<\/ul><\/div>\n\n\n\n<hr class=\"wp-block-separator has-css-opacity advgb-dyn-c3f4f0ad\"\/>\n\n\n\n<h2 class=\"wp-block-heading\">Collections<\/h2>\n\n\n\n<p>The library of the Faust Archive and the exhibits in the permanent exhibition are made up of several collections located in Knittlingen&#8217;s former old Latin school, the Faust Archive.<\/p>\n\n\n\n<hr class=\"wp-block-separator has-css-opacity advgb-dyn-c3f4f0ad\"\/>\n\n\n\n<h2 class=\"wp-block-heading\">Theens Collection<\/h2>\n\n\n\n<p>The Stuttgart senior engineer Karl Theens collected Faustiana over a long period of time, including various Faust versions and adaptations, specialist literature, scores and illustrations. Thus, through expertise, patience and passion, a collection was created that is characterised by unique richness and variety. The purchase of this collection prepared the ground for the foundation of the Faust Museum Knittlingen.<\/p>\n\n\n\n<hr class=\"wp-block-separator has-css-opacity advgb-dyn-c3f4f0ad\"\/>\n\n\n\n<h2 class=\"wp-block-heading\">Aign Music Collection<\/h2>\n\n\n\n<p>The Aign Music Collection comprises what is probably one of the largest music collections on the subject of Faust. The musician and Germanist Walter Aign (1901-1977), engaged as solo r\u00e9p\u00e9titeur and musical assistant from 1924 to 1931 and as co-repetiteur at the Bayreuth Festival from 1952 to 1957, worked as musical director of studies at the Stuttgart Opera beginning in 1953. For several years, Walter Aign collected musical materials on the subject of Faust, including individual sheets of music, entire scores, textbooks and sound recordings. Walter Aign himself bequeathed this collection to the Faust Museum\/Faust Archive in Knittlingen.<\/p>\n\n\n\n<hr class=\"wp-block-separator has-css-opacity advgb-dyn-c3f4f0ad\"\/>\n\n\n\n<h2 class=\"wp-block-heading\">Moosmann-B\u00f6hme Collection<\/h2>\n\n\n\n<p>The so-called Moosmann-B\u00f6hme Collection was purchased by the town of Knittlingen in 2001, with the support of the Stiftung Kulturgut Baden-W\u00fcrttemberg, the Baden-W\u00fcrttemberg Ministry of Science, Research and the Arts, as well as donations from the Enzkreis district, the Sparkasse Pforzheim bank and private individuals.<\/p>\n\n\n\n<p>Over several decades, Peter E. Moosmann collected a wide variety of Faustiana, including more than 1,000 books, almost 700 illustrations, over 40 sculptures as well as adaptations on various media, including sound and film recordings, but also curiosities and evidence of the marketing of the Faust material, for example in advertising. Collector Peter E. Moosmann did not limit himself to publications and works of German origin and language, but collected editions and artistic adaptations in more than 15 languages.<\/p>\n\n\n\n<p>With the help of his friend Hasso B\u00f6hme, also a collector and connoisseur of the subject, who purchased the collection, it was possible to pave its way into the Faust Museum\/Faust Archive Knittlingen: Hasso B\u00f6hme sold the resulting Faust collection Moosmann-B\u00f6hme to the town of Knittlingen in 2001 \u2013 it is housed in the baroque school hall of the Faust Archive.<\/p>\n\n\n\n<p>A catalogue published in 2008 facilitates access to the unique Faust collection and presents its wealth clearly arranged in individual sections and departments.<\/p>\n\n\n\n<hr class=\"wp-block-separator has-css-opacity advgb-dyn-c3f4f0ad\"\/>\n\n\n\n<h2 class=\"wp-block-heading\">Collection of the Faust Museum\/Faust Archive<\/h2>\n\n\n\n<p>The Faust Museum\/Faust Archive Knittlingen is constantly expanding its collection, on the one hand through constant research and acquisitions. On the other hand, this institution also owes the abundance of its holdings to donations and bequests, whereby pieces that are no longer available on the market can also find their way into the collections.<\/p>\n\n\n\n<p>The library has a computer workstation with access to the digitised catalogue of the holdings.<\/p>\n","protected":false},"excerpt":{"rendered":"<p>Collections The library of the Faust Archive and the exhibits in the permanent exhibition are made up of several collections located in Knittlingen&#8217;s former old Latin school, the Faust Archive. Theens Collection The Stuttgart senior engineer Karl Theens collected Faustiana over a long period of time, including various Faust versions and adaptations, specialist literature, scores [&hellip;]<\/p>\n","protected":false},"author":3,"featured_media":8291,"parent":93,"menu_order":2,"comment_status":"closed","ping_status":"open","template":"","meta":{"_uag_custom_page_level_css":"","advgb_blocks_editor_width":"","advgb_blocks_columns_visual_guide":"","footnotes":""},"class_list":["post-1780","page","type-page","status-publish","has-post-thumbnail","hentry"],"yoast_head":"<!-- This site is optimized with the Yoast SEO plugin v27.3 - https:\/\/yoast.com\/product\/yoast-seo-wordpress\/ -->\n<title>Faustarchiv - Sammlungen | Faustmuseum<\/title>\n<meta name=\"robots\" content=\"index, follow, max-snippet:-1, max-image-preview:large, max-video-preview:-1\" \/>\n<link rel=\"canonical\" href=\"https:\/\/faustmuseum.de\/en\/faust-archive\/the-collections-of-the-faust-archive\/\" \/>\n<meta property=\"og:locale\" content=\"en_US\" \/>\n<meta property=\"og:type\" content=\"article\" \/>\n<meta property=\"og:title\" content=\"Faustarchiv - Sammlungen | Faustmuseum\" \/>\n<meta property=\"og:description\" content=\"Collections The library of the Faust Archive and the exhibits in the permanent exhibition are made up of several collections located in Knittlingen&#8217;s former old Latin school, the Faust Archive. Theens Collection The Stuttgart senior engineer Karl Theens collected Faustiana over a long period of time, including various Faust versions and adaptations, specialist literature, scores [&hellip;]\" \/>\n<meta property=\"og:url\" content=\"https:\/\/faustmuseum.de\/en\/faust-archive\/the-collections-of-the-faust-archive\/\" \/>\n<meta property=\"og:site_name\" content=\"Faust Museum\" \/>\n<meta property=\"article:modified_time\" content=\"2022-11-17T12:03:47+00:00\" \/>\n<meta property=\"og:image\" content=\"https:\/\/faustmuseum.de\/en\/wp-content\/uploads\/sites\/2\/2022\/04\/faustmusem_HG_archiv.jpg\" \/>\n\t<meta property=\"og:image:width\" content=\"2000\" \/>\n\t<meta property=\"og:image:height\" content=\"1650\" \/>\n\t<meta property=\"og:image:type\" content=\"image\/jpeg\" \/>\n<meta name=\"twitter:card\" content=\"summary_large_image\" \/>\n<meta name=\"twitter:label1\" content=\"Est. reading time\" \/>\n\t<meta name=\"twitter:data1\" content=\"3 minutes\" \/>\n<script type=\"application\/ld+json\" class=\"yoast-schema-graph\">{\"@context\":\"https:\\\/\\\/schema.org\",\"@graph\":[{\"@type\":\"WebPage\",\"@id\":\"https:\\\/\\\/faustmuseum.de\\\/en\\\/faust-archive\\\/the-collections-of-the-faust-archive\\\/\",\"url\":\"https:\\\/\\\/faustmuseum.de\\\/en\\\/faust-archive\\\/the-collections-of-the-faust-archive\\\/\",\"name\":\"Faustarchiv - Sammlungen | Faustmuseum\",\"isPartOf\":{\"@id\":\"https:\\\/\\\/faustmuseum.de\\\/en\\\/#website\"},\"primaryImageOfPage\":{\"@id\":\"https:\\\/\\\/faustmuseum.de\\\/en\\\/faust-archive\\\/the-collections-of-the-faust-archive\\\/#primaryimage\"},\"image\":{\"@id\":\"https:\\\/\\\/faustmuseum.de\\\/en\\\/faust-archive\\\/the-collections-of-the-faust-archive\\\/#primaryimage\"},\"thumbnailUrl\":\"https:\\\/\\\/faustmuseum.de\\\/en\\\/wp-content\\\/uploads\\\/sites\\\/2\\\/2022\\\/04\\\/faustmusem_HG_archiv.jpg\",\"datePublished\":\"2014-08-11T17:19:44+00:00\",\"dateModified\":\"2022-11-17T12:03:47+00:00\",\"breadcrumb\":{\"@id\":\"https:\\\/\\\/faustmuseum.de\\\/en\\\/faust-archive\\\/the-collections-of-the-faust-archive\\\/#breadcrumb\"},\"inLanguage\":\"en-US\",\"potentialAction\":[{\"@type\":\"ReadAction\",\"target\":[\"https:\\\/\\\/faustmuseum.de\\\/en\\\/faust-archive\\\/the-collections-of-the-faust-archive\\\/\"]}]},{\"@type\":\"ImageObject\",\"inLanguage\":\"en-US\",\"@id\":\"https:\\\/\\\/faustmuseum.de\\\/en\\\/faust-archive\\\/the-collections-of-the-faust-archive\\\/#primaryimage\",\"url\":\"https:\\\/\\\/faustmuseum.de\\\/en\\\/wp-content\\\/uploads\\\/sites\\\/2\\\/2022\\\/04\\\/faustmusem_HG_archiv.jpg\",\"contentUrl\":\"https:\\\/\\\/faustmuseum.de\\\/en\\\/wp-content\\\/uploads\\\/sites\\\/2\\\/2022\\\/04\\\/faustmusem_HG_archiv.jpg\",\"width\":2000,\"height\":1650,\"caption\":\"Background Faust Museum Archive\"},{\"@type\":\"BreadcrumbList\",\"@id\":\"https:\\\/\\\/faustmuseum.de\\\/en\\\/faust-archive\\\/the-collections-of-the-faust-archive\\\/#breadcrumb\",\"itemListElement\":[{\"@type\":\"ListItem\",\"position\":1,\"name\":\"Startseite\",\"item\":\"https:\\\/\\\/faustmuseum.de\\\/en\\\/\"},{\"@type\":\"ListItem\",\"position\":2,\"name\":\"Faust Archive\",\"item\":\"https:\\\/\\\/faustmuseum.de\\\/en\\\/faust-archive\\\/\"},{\"@type\":\"ListItem\",\"position\":3,\"name\":\"The Collections of the Faust Archive\"}]},{\"@type\":\"WebSite\",\"@id\":\"https:\\\/\\\/faustmuseum.de\\\/en\\\/#website\",\"url\":\"https:\\\/\\\/faustmuseum.de\\\/en\\\/\",\"name\":\"Faust Museum\",\"description\":\"The Faust Museum in Knittlingen\",\"potentialAction\":[{\"@type\":\"SearchAction\",\"target\":{\"@type\":\"EntryPoint\",\"urlTemplate\":\"https:\\\/\\\/faustmuseum.de\\\/en\\\/?s={search_term_string}\"},\"query-input\":{\"@type\":\"PropertyValueSpecification\",\"valueRequired\":true,\"valueName\":\"search_term_string\"}}],\"inLanguage\":\"en-US\"}]}<\/script>\n<!-- \/ Yoast SEO plugin. -->","yoast_head_json":{"title":"Faustarchiv - Sammlungen | Faustmuseum","robots":{"index":"index","follow":"follow","max-snippet":"max-snippet:-1","max-image-preview":"max-image-preview:large","max-video-preview":"max-video-preview:-1"},"canonical":"https:\/\/faustmuseum.de\/en\/faust-archive\/the-collections-of-the-faust-archive\/","og_locale":"en_US","og_type":"article","og_title":"Faustarchiv - Sammlungen | Faustmuseum","og_description":"Collections The library of the Faust Archive and the exhibits in the permanent exhibition are made up of several collections located in Knittlingen&#8217;s former old Latin school, the Faust Archive. Theens Collection The Stuttgart senior engineer Karl Theens collected Faustiana over a long period of time, including various Faust versions and adaptations, specialist literature, scores [&hellip;]","og_url":"https:\/\/faustmuseum.de\/en\/faust-archive\/the-collections-of-the-faust-archive\/","og_site_name":"Faust Museum","article_modified_time":"2022-11-17T12:03:47+00:00","og_image":[{"width":2000,"height":1650,"url":"https:\/\/faustmuseum.de\/en\/wp-content\/uploads\/sites\/2\/2022\/04\/faustmusem_HG_archiv.jpg","type":"image\/jpeg"}],"twitter_card":"summary_large_image","twitter_misc":{"Est. reading time":"3 minutes"},"schema":{"@context":"https:\/\/schema.org","@graph":[{"@type":"WebPage","@id":"https:\/\/faustmuseum.de\/en\/faust-archive\/the-collections-of-the-faust-archive\/","url":"https:\/\/faustmuseum.de\/en\/faust-archive\/the-collections-of-the-faust-archive\/","name":"Faustarchiv - Sammlungen | Faustmuseum","isPartOf":{"@id":"https:\/\/faustmuseum.de\/en\/#website"},"primaryImageOfPage":{"@id":"https:\/\/faustmuseum.de\/en\/faust-archive\/the-collections-of-the-faust-archive\/#primaryimage"},"image":{"@id":"https:\/\/faustmuseum.de\/en\/faust-archive\/the-collections-of-the-faust-archive\/#primaryimage"},"thumbnailUrl":"https:\/\/faustmuseum.de\/en\/wp-content\/uploads\/sites\/2\/2022\/04\/faustmusem_HG_archiv.jpg","datePublished":"2014-08-11T17:19:44+00:00","dateModified":"2022-11-17T12:03:47+00:00","breadcrumb":{"@id":"https:\/\/faustmuseum.de\/en\/faust-archive\/the-collections-of-the-faust-archive\/#breadcrumb"},"inLanguage":"en-US","potentialAction":[{"@type":"ReadAction","target":["https:\/\/faustmuseum.de\/en\/faust-archive\/the-collections-of-the-faust-archive\/"]}]},{"@type":"ImageObject","inLanguage":"en-US","@id":"https:\/\/faustmuseum.de\/en\/faust-archive\/the-collections-of-the-faust-archive\/#primaryimage","url":"https:\/\/faustmuseum.de\/en\/wp-content\/uploads\/sites\/2\/2022\/04\/faustmusem_HG_archiv.jpg","contentUrl":"https:\/\/faustmuseum.de\/en\/wp-content\/uploads\/sites\/2\/2022\/04\/faustmusem_HG_archiv.jpg","width":2000,"height":1650,"caption":"Background Faust Museum Archive"},{"@type":"BreadcrumbList","@id":"https:\/\/faustmuseum.de\/en\/faust-archive\/the-collections-of-the-faust-archive\/#breadcrumb","itemListElement":[{"@type":"ListItem","position":1,"name":"Startseite","item":"https:\/\/faustmuseum.de\/en\/"},{"@type":"ListItem","position":2,"name":"Faust Archive","item":"https:\/\/faustmuseum.de\/en\/faust-archive\/"},{"@type":"ListItem","position":3,"name":"The Collections of the Faust Archive"}]},{"@type":"WebSite","@id":"https:\/\/faustmuseum.de\/en\/#website","url":"https:\/\/faustmuseum.de\/en\/","name":"Faust Museum","description":"The Faust Museum in Knittlingen","potentialAction":[{"@type":"SearchAction","target":{"@type":"EntryPoint","urlTemplate":"https:\/\/faustmuseum.de\/en\/?s={search_term_string}"},"query-input":{"@type":"PropertyValueSpecification","valueRequired":true,"valueName":"search_term_string"}}],"inLanguage":"en-US"}]}},"uagb_featured_image_src":{"full":["https:\/\/faustmuseum.de\/en\/wp-content\/uploads\/sites\/2\/2022\/04\/faustmusem_HG_archiv.jpg",2000,1650,false],"thumbnail":["https:\/\/faustmuseum.de\/en\/wp-content\/uploads\/sites\/2\/2022\/04\/faustmusem_HG_archiv-150x150.jpg",150,150,true],"medium":["https:\/\/faustmuseum.de\/en\/wp-content\/uploads\/sites\/2\/2022\/04\/faustmusem_HG_archiv-300x248.jpg",300,248,true],"medium_large":["https:\/\/faustmuseum.de\/en\/wp-content\/uploads\/sites\/2\/2022\/04\/faustmusem_HG_archiv-768x634.jpg",580,479,true],"large":["https:\/\/faustmuseum.de\/en\/wp-content\/uploads\/sites\/2\/2022\/04\/faustmusem_HG_archiv-1024x845.jpg",580,479,true],"1536x1536":["https:\/\/faustmuseum.de\/en\/wp-content\/uploads\/sites\/2\/2022\/04\/faustmusem_HG_archiv-1536x1267.jpg",1536,1267,true],"2048x2048":["https:\/\/faustmuseum.de\/en\/wp-content\/uploads\/sites\/2\/2022\/04\/faustmusem_HG_archiv.jpg",2000,1650,false],"post-thumbnail":["https:\/\/faustmuseum.de\/en\/wp-content\/uploads\/sites\/2\/2022\/04\/faustmusem_HG_archiv-1200x990.jpg",1200,990,true],"twentytwenty-fullscreen":["https:\/\/faustmuseum.de\/en\/wp-content\/uploads\/sites\/2\/2022\/04\/faustmusem_HG_archiv-1980x1634.jpg",1980,1634,true]},"uagb_author_info":{"display_name":"Faust-Museum","author_link":"https:\/\/faustmuseum.de\/en\/author\/diefaustdamen\/"},"uagb_comment_info":0,"uagb_excerpt":"Collections The library of the Faust Archive and the exhibits in the permanent exhibition are made up of several collections located in Knittlingen&#8217;s former old Latin school, the Faust Archive. Theens Collection The Stuttgart senior engineer Karl Theens collected Faustiana over a long period of time, including various Faust versions and adaptations, specialist literature, scores&hellip;","coauthors":[],"author_meta":{"author_link":"https:\/\/faustmuseum.de\/en\/author\/diefaustdamen\/","display_name":"Faust-Museum"},"relative_dates":{"created":"Posted 12 years ago","modified":"Updated 3 years ago"},"absolute_dates":{"created":"Posted on 2014 August 11.","modified":"Updated on 2022 November 17."},"absolute_dates_time":{"created":"Posted on 2014 August 11. 17:19","modified":"Updated on 2022 November 17. 13:03"},"featured_img_caption":"","featured_img":"https:\/\/faustmuseum.de\/en\/wp-content\/uploads\/sites\/2\/2022\/04\/faustmusem_HG_archiv-1200x990.jpg","series_order":"","publishpress_future_action":{"enabled":false,"date":"2026-04-13 12:58:28","action":"change-status","newStatus":"draft","terms":[],"taxonomy":"","extraData":[]},"publishpress_future_workflow_manual_trigger":{"enabledWorkflows":[]},"_links":{"self":[{"href":"https:\/\/faustmuseum.de\/en\/wp-json\/wp\/v2\/pages\/1780","targetHints":{"allow":["GET"]}}],"collection":[{"href":"https:\/\/faustmuseum.de\/en\/wp-json\/wp\/v2\/pages"}],"about":[{"href":"https:\/\/faustmuseum.de\/en\/wp-json\/wp\/v2\/types\/page"}],"author":[{"embeddable":true,"href":"https:\/\/faustmuseum.de\/en\/wp-json\/wp\/v2\/users\/3"}],"replies":[{"embeddable":true,"href":"https:\/\/faustmuseum.de\/en\/wp-json\/wp\/v2\/comments?post=1780"}],"version-history":[{"count":8,"href":"https:\/\/faustmuseum.de\/en\/wp-json\/wp\/v2\/pages\/1780\/revisions"}],"predecessor-version":[{"id":8419,"href":"https:\/\/faustmuseum.de\/en\/wp-json\/wp\/v2\/pages\/1780\/revisions\/8419"}],"up":[{"embeddable":true,"href":"https:\/\/faustmuseum.de\/en\/wp-json\/wp\/v2\/pages\/93"}],"wp:featuredmedia":[{"embeddable":true,"href":"https:\/\/faustmuseum.de\/en\/wp-json\/wp\/v2\/media\/8291"}],"wp:attachment":[{"href":"https:\/\/faustmuseum.de\/en\/wp-json\/wp\/v2\/media?parent=1780"}],"curies":[{"name":"wp","href":"https:\/\/api.w.org\/{rel}","templated":true}]}}